{"id":6,"date":"2022-02-01T08:34:04","date_gmt":"2022-02-01T08:34:04","guid":{"rendered":"https:\/\/parafiakwakowo.pl\/?page_id=6"},"modified":"2023-12-11T14:28:08","modified_gmt":"2023-12-11T14:28:08","slug":"home","status":"publish","type":"page","link":"https:\/\/parafiakwakowo.pl\/","title":{"rendered":"Home"},"content":{"rendered":"\t\t<div data-elementor-type=\"wp-page\" data-elementor-id=\"6\" class=\"elementor elementor-6\" data-elementor-settings=\"[]\">\n\t\t\t\t\t\t\t<div class=\"elementor-section-wrap\">\n\t\t\t\t\t\t\t<section data-particle_enable=\"false\" data-particle-mobile-disabled=\"false\" class=\"elementor-section elementor-top-section elementor-element elementor-element-1058ab8 elementor-section-full_width elementor-section-height-default elementor-section-height-default\" data-id=\"1058ab8\" data-element_type=\"section\" data-settings=\"{&quot;_ha_eqh_enable&quot;:false}\">\n\t\t\t\t\t\t<div class=\"elementor-container elementor-column-gap-no\">\n\t\t\t\t\t<div class=\"elementor-column elementor-col-100 elementor-top-column elementor-element elementor-element-8d23ab1\" data-id=\"8d23ab1\" data-element_type=\"column\">\n\t\t\t<div class=\"elementor-widget-wrap elementor-element-populated\">\n\t\t\t\t\t\t\t\t<div class=\"elementor-element elementor-element-df5b251 elementor--h-position-center elementor--v-position-middle elementor-widget elementor-widget-slides\" data-id=\"df5b251\" data-element_type=\"widget\" data-settings=\"{&quot;navigation&quot;:&quot;none&quot;,&quot;autoplay&quot;:&quot;yes&quot;,&quot;pause_on_hover&quot;:&quot;yes&quot;,&quot;pause_on_interaction&quot;:&quot;yes&quot;,&quot;autoplay_speed&quot;:5000,&quot;infinite&quot;:&quot;yes&quot;,&quot;transition&quot;:&quot;slide&quot;,&quot;transition_speed&quot;:500}\" data-widget_type=\"slides.default\">\n\t\t\t\t<div class=\"elementor-widget-container\">\n\t\t\t<style>\/*! elementor-pro - v3.5.2 - 28-11-2021 *\/\n.elementor-slides .swiper-slide-bg{-webkit-background-size:cover;background-size:cover;background-position:50%;background-repeat:no-repeat;min-width:100%;min-height:100%}.elementor-slides .swiper-slide-inner{background-repeat:no-repeat;background-position:50%;position:absolute;top:0;left:0;bottom:0;right:0;padding:50px;margin:auto}.elementor-slides .swiper-slide-inner,.elementor-slides .swiper-slide-inner:hover{color:#fff;display:-webkit-box;display:-ms-flexbox;display:flex}.elementor-slides .swiper-slide-inner .elementor-background-overlay{position:absolute;z-index:0;top:0;bottom:0;left:0;right:0}.elementor-slides .swiper-slide-inner .elementor-slide-content{position:relative;z-index:1;width:100%}.elementor-slides .swiper-slide-inner .elementor-slide-heading{font-size:35px;font-weight:700;line-height:1}.elementor-slides .swiper-slide-inner .elementor-slide-description{font-size:17px;line-height:1.4}.elementor-slides .swiper-slide-inner .elementor-slide-description:not(:last-child),.elementor-slides .swiper-slide-inner .elementor-slide-heading:not(:last-child){margin-bottom:30px}.elementor-slides .swiper-slide-inner .elementor-slide-button{border:2px solid #fff;color:#fff;background:transparent;display:inline-block}.elementor-slides .swiper-slide-inner .elementor-slide-button,.elementor-slides .swiper-slide-inner .elementor-slide-button:hover{background:transparent;color:inherit;text-decoration:none}.elementor--v-position-top .swiper-slide-inner{-webkit-box-align:start;-ms-flex-align:start;align-items:flex-start}.elementor--v-position-bottom .swiper-slide-inner{-webkit-box-align:end;-ms-flex-align:end;align-items:flex-end}.elementor--v-position-middle .swiper-slide-inner{-webkit-box-align:center;-ms-flex-align:center;align-items:center}.elementor--h-position-left .swiper-slide-inner{-webkit-box-pack:start;-ms-flex-pack:start;justify-content:flex-start}.elementor--h-position-right .swiper-slide-inner{-webkit-box-pack:end;-ms-flex-pack:end;justify-content:flex-end}.elementor--h-position-center .swiper-slide-inner{-webkit-box-pack:center;-ms-flex-pack:center;justify-content:center}body.rtl .elementor-widget-slides .elementor-swiper-button-next{left:10px;right:auto}body.rtl .elementor-widget-slides .elementor-swiper-button-prev{right:10px;left:auto}.elementor-slides-wrapper div:not(.swiper-slide)>.swiper-slide-inner{display:none}@media (max-width:767px){.elementor-slides .swiper-slide-inner{padding:30px}.elementor-slides .swiper-slide-inner .elementor-slide-heading{font-size:23px;line-height:1;margin-bottom:15px}.elementor-slides .swiper-slide-inner .elementor-slide-description{font-size:13px;line-height:1.4;margin-bottom:15px}}<\/style>\t\t<div class=\"elementor-swiper\">\n\t\t\t<div class=\"elementor-slides-wrapper elementor-main-swiper swiper-container\" dir=\"ltr\" data-animation=\"\">\n\t\t\t\t<div class=\"swiper-wrapper elementor-slides\">\n\t\t\t\t\t\t\t\t\t\t<div class=\"elementor-repeater-item-ba89dd7 swiper-slide\"><div class=\"swiper-slide-bg elementor-ken-burns elementor-ken-burns--in\"><\/div><div class=\"elementor-background-overlay\"><\/div><div class=\"swiper-slide-inner\" ><div class=\"swiper-slide-contents\"><div class=\"elementor-slide-heading\">Parafia Rzymskokatolicka<\/div><div class=\"elementor-slide-description\">p.w. Niepokalanego Pocz\u0119cia Naj\u015bwi\u0119tszej Maryi Panny w Kwakowie<\/div><\/div><\/div><\/div><div class=\"elementor-repeater-item-9b4a0d8 swiper-slide\"><div class=\"swiper-slide-bg elementor-ken-burns elementor-ken-burns--in\"><\/div><div class=\"elementor-background-overlay\"><\/div><div class=\"swiper-slide-inner\" ><div class=\"swiper-slide-contents\"><div class=\"elementor-slide-heading\">Kontakt: +48 59 846 20 75<\/div><div class=\"elementor-slide-description\">Biuro parafialne czynne:<br> wtorek-\u015broda-czwartek 17.30-18.00 lub po uzgodnieniu telefonicznym<\/div><\/div><\/div><\/div><div class=\"elementor-repeater-item-06a4f2c swiper-slide\"><div class=\"swiper-slide-bg elementor-ken-burns elementor-ken-burns--in\"><\/div><div class=\"elementor-background-overlay\"><\/div><div class=\"swiper-slide-inner\" ><div class=\"swiper-slide-contents\"><div class=\"elementor-slide-heading\">Og\u0142oszenia Duszpasterskie<\/div><div class=\"elementor-slide-description\">Kliknij tutaj aby przeczyta\u0107 najnowsze Og\u0142oszenia Duszpasterskie<\/div><\/div><\/div><\/div><div class=\"elementor-repeater-item-cf6d33e swiper-slide\"><div class=\"swiper-slide-bg elementor-ken-burns elementor-ken-burns--in\"><\/div><div class=\"elementor-background-overlay\"><\/div><div class=\"swiper-slide-inner\" ><div class=\"swiper-slide-contents\"><div class=\"elementor-slide-heading\">Numer konta bankowego parafii:<\/div><div class=\"elementor-slide-description\">mBank 20 1140 2004 0000 3902 8109 8578 <\/div><\/div><\/div><\/div><div class=\"elementor-repeater-item-6298dc1 swiper-slide\"><div class=\"swiper-slide-bg elementor-ken-burns elementor-ken-burns--in\"><\/div><div class=\"elementor-background-overlay\"><\/div><div class=\"swiper-slide-inner\" ><div class=\"swiper-slide-contents\"><div class=\"elementor-slide-heading\">Administrator cmentarzy parafialnych:<\/div><div class=\"elementor-slide-description\">Zak\u0142ad pogrzebowy \u201eKALLA\u201d +48 59 842 81 96 lub 601 928 600<\/div><\/div><\/div><\/div>\t\t\t\t<\/div>\n\t\t\t\t\t\t\t\t\t\t\t\t\t\t\t\t\t\t\t\t\t<\/div>\n\t\t<\/div>\n\t\t\t\t<\/div>\n\t\t\t\t<\/div>\n\t\t\t\t\t<\/div>\n\t\t<\/div>\n\t\t\t\t\t\t\t<\/div>\n\t\t<\/section>\n\t\t\t\t<section data-particle_enable=\"false\" data-particle-mobile-disabled=\"false\" class=\"elementor-section elementor-top-section elementor-element elementor-element-42b61f9 elementor-hidden-tablet elementor-hidden-mobile elementor-section-boxed elementor-section-height-default elementor-section-height-default\" data-id=\"42b61f9\" data-element_type=\"section\" data-settings=\"{&quot;background_background&quot;:&quot;classic&quot;,&quot;_ha_eqh_enable&quot;:false}\">\n\t\t\t\t\t\t<div class=\"elementor-container elementor-column-gap-default\">\n\t\t\t\t\t<div class=\"elementor-column elementor-col-100 elementor-top-column elementor-element elementor-element-ca87156\" data-id=\"ca87156\" data-element_type=\"column\" data-settings=\"{&quot;background_background&quot;:&quot;classic&quot;}\">\n\t\t\t<div class=\"elementor-widget-wrap elementor-element-populated\">\n\t\t\t\t\t\t\t\t<div class=\"elementor-element elementor-element-d76b501 elementor-widget elementor-widget-image\" data-id=\"d76b501\" data-element_type=\"widget\" data-widget_type=\"image.default\">\n\t\t\t\t<div class=\"elementor-widget-container\">\n\t\t\t<style>\/*! elementor - v3.5.5 - 03-02-2022 *\/\n.elementor-widget-image{text-align:center}.elementor-widget-image a{display:inline-block}.elementor-widget-image a img[src$=\".svg\"]{width:48px}.elementor-widget-image img{vertical-align:middle;display:inline-block}<\/style>\t\t\t\t\t\t\t\t\t\t\t\t<img width=\"184\" height=\"131\" src=\"https:\/\/parafiakwakowo.pl\/wp-content\/uploads\/2022\/02\/cytat.png\" class=\"attachment-full size-full\" alt=\"\" loading=\"lazy\" \/>\t\t\t\t\t\t\t\t\t\t\t\t\t\t\t<\/div>\n\t\t\t\t<\/div>\n\t\t\t\t<div class=\"elementor-element elementor-element-69b0414 elementor-widget elementor-widget-eael-fancy-text\" data-id=\"69b0414\" data-element_type=\"widget\" data-widget_type=\"eael-fancy-text.default\">\n\t\t\t\t<div class=\"elementor-widget-container\">\n\t\t\t\n\t<div  class=\"eael-fancy-text-container style-1\" data-fancy-text-id=\"69b0414\" data-fancy-text=\"|co z Boga zrodzone, zwyci\u0119\u017ca \u015bwiat; tym w\u0142a\u015bnie zwyci\u0119stwem, kt\u00f3re zwyci\u0119\u017cy\u0142o \u015bwiat,\" data-fancy-text-transition-type=\"typing\" data-fancy-text-speed=\"50\" data-fancy-text-delay=\"2500\" data-fancy-text-cursor=\"yes\" data-fancy-text-loop=\"yes\" >\n\t\t\t\t\t<span class=\"eael-fancy-text-prefix\">Wszystko bowiem, <\/span>\n\t\t\n\t\t\n\t\t\t\t\t<span id=\"eael-fancy-text-69b0414\" class=\"eael-fancy-text-strings solid-color\">\n\t\t\t\t<noscript>\n\t\t\t\t\tco z Boga zrodzone, zwyci\u0119\u017ca \u015bwiat; tym w\u0142a\u015bnie zwyci\u0119stwem, kt\u00f3re zwyci\u0119\u017cy\u0142o \u015bwiat\t\t\t\t<\/noscript>\n\t\t\t<\/span>\n\t\t\n\t\t\t\t\t<span class=\"eael-fancy-text-suffix\"> jest nasza wiara. (1 J 5,4)<\/span>\n\t\t\t<\/div><!-- close .eael-fancy-text-container -->\n\n\t<div class=\"clearfix\"><\/div>\n\n\t\t\t<\/div>\n\t\t\t\t<\/div>\n\t\t\t\t\t<\/div>\n\t\t<\/div>\n\t\t\t\t\t\t\t<\/div>\n\t\t<\/section>\n\t\t\t\t<section data-particle_enable=\"false\" data-particle-mobile-disabled=\"false\" class=\"elementor-section elementor-top-section elementor-element elementor-element-b0df032 elementor-section-boxed elementor-section-height-default elementor-section-height-default\" data-id=\"b0df032\" data-element_type=\"section\" data-settings=\"{&quot;_ha_eqh_enable&quot;:false}\">\n\t\t\t\t\t\t<div class=\"elementor-container elementor-column-gap-default\">\n\t\t\t\t\t<div class=\"elementor-column elementor-col-100 elementor-top-column elementor-element elementor-element-e8ff7d7\" data-id=\"e8ff7d7\" data-element_type=\"column\">\n\t\t\t<div class=\"elementor-widget-wrap elementor-element-populated\">\n\t\t\t\t\t\t\t\t<div class=\"elementor-element elementor-element-2c5ee27 eael-divider-center elementor-widget elementor-widget-eael-divider\" data-id=\"2c5ee27\" data-element_type=\"widget\" data-widget_type=\"eael-divider.default\">\n\t\t\t\t<div class=\"elementor-widget-container\">\n\t\t\t\t\t<div class=\"eael-divider-wrap divider-direction-horizontal\">\n\t\t\t\t\t\t\t<div class=\"divider-text-container\">\n\t\t\t\t\t<div class=\"divider-text-wrap\">\n\t\t\t\t\t\t\t\t\t\t\t\t\t<span class=\"divider-border-wrap divider-border-left\">\n\t\t\t\t\t\t\t\t<span class=\"divider-border\"><\/span>\n\t\t\t\t\t\t\t<\/span>\n\t\t\t\t\t\t\t\t\t\t\t\t<span class=\"eael-divider-content\">\n\t\t\t\t\t\t\t\t\t\t\t\t\t\t\t<span class=\"eael-divider-text\">Msze \u015awi\u0119te:<\/span>\t\t\t\t\t\t\t\t\t\t\t\t\t<\/span>\n\t\t\t\t\t\t\t\t\t\t\t\t\t<span class=\"divider-border-wrap divider-border-right\">\n\t\t\t\t\t\t\t\t<span class=\"divider-border\"><\/span>\n\t\t\t\t\t\t\t<\/span>\n\t\t\t\t\t\t\t\t\t\t\t<\/div>\n\t\t\t\t<\/div>\n\t\t\t\t\t<\/div>\n\t\t<\/div>\n\t\t\t\t<\/div>\n\t\t\t\t<div class=\"elementor-element elementor-element-87e87dc elementor-view-default elementor-position-top elementor-vertical-align-top elementor-widget elementor-widget-icon-box\" data-id=\"87e87dc\" data-element_type=\"widget\" data-widget_type=\"icon-box.default\">\n\t\t\t\t<div class=\"elementor-widget-container\">\n\t\t\t<style>\/*! elementor - v3.5.5 - 03-02-2022 *\/\n@media (min-width:768px){.elementor-widget-icon-box.elementor-position-left .elementor-icon-box-wrapper,.elementor-widget-icon-box.elementor-position-right .elementor-icon-box-wrapper{display:-webkit-box;display:-ms-flexbox;display:flex}.elementor-widget-icon-box.elementor-position-left .elementor-icon-box-icon,.elementor-widget-icon-box.elementor-position-right .elementor-icon-box-icon{display:-webkit-inline-box;display:-ms-inline-flexbox;display:inline-flex;-webkit-box-flex:0;-ms-flex:0 0 auto;flex:0 0 auto}.elementor-widget-icon-box.elementor-position-right .elementor-icon-box-wrapper{text-align:right;-webkit-box-orient:horizontal;-webkit-box-direction:reverse;-ms-flex-direction:row-reverse;flex-direction:row-reverse}.elementor-widget-icon-box.elementor-position-left .elementor-icon-box-wrapper{text-align:left;-webkit-box-orient:horizontal;-webkit-box-direction:normal;-ms-flex-direction:row;flex-direction:row}.elementor-widget-icon-box.elementor-position-top .elementor-icon-box-img{margin:auto}.elementor-widget-icon-box.elementor-vertical-align-top .elementor-icon-box-wrapper{-webkit-box-align:start;-ms-flex-align:start;align-items:flex-start}.elementor-widget-icon-box.elementor-vertical-align-middle .elementor-icon-box-wrapper{-webkit-box-align:center;-ms-flex-align:center;align-items:center}.elementor-widget-icon-box.elementor-vertical-align-bottom .elementor-icon-box-wrapper{-webkit-box-align:end;-ms-flex-align:end;align-items:flex-end}}@media (max-width:767px){.elementor-widget-icon-box .elementor-icon-box-icon{margin-left:auto!important;margin-right:auto!important;margin-bottom:15px}}.elementor-widget-icon-box .elementor-icon-box-wrapper{text-align:center}.elementor-widget-icon-box .elementor-icon-box-title a{color:inherit}.elementor-widget-icon-box .elementor-icon-box-content{-webkit-box-flex:1;-ms-flex-positive:1;flex-grow:1}.elementor-widget-icon-box .elementor-icon-box-description{margin:0}<\/style>\t\t<div class=\"elementor-icon-box-wrapper\">\n\t\t\t\t\t\t<div class=\"elementor-icon-box-icon\">\n\t\t\t\t<span class=\"elementor-icon elementor-animation-\" >\n\t\t\t\t<i aria-hidden=\"true\" class=\"hm hm-refresh-time\"><\/i>\t\t\t\t<\/span>\n\t\t\t<\/div>\n\t\t\t\t\t\t<div class=\"elementor-icon-box-content\">\n\t\t\t\t<h3 class=\"elementor-icon-box-title\">\n\t\t\t\t\t<span  >\n\t\t\t\t\t\t\t\t\t\t\t<\/span>\n\t\t\t\t<\/h3>\n\t\t\t\t\t\t\t\t\t<p class=\"elementor-icon-box-description\">\n\t\t\t\t\t\tDni powszednie: <br>wtorek - pi\u0105tek: 17:00 (stycze\u0144: 9.00) <br>niedziela: 11:30\t\t\t\t\t<\/p>\n\t\t\t\t\t\t\t<\/div>\n\t\t<\/div>\n\t\t\t\t<\/div>\n\t\t\t\t<\/div>\n\t\t\t\t<div class=\"elementor-element elementor-element-0741b3c eael-divider-center elementor-widget elementor-widget-eael-divider\" data-id=\"0741b3c\" data-element_type=\"widget\" data-widget_type=\"eael-divider.default\">\n\t\t\t\t<div class=\"elementor-widget-container\">\n\t\t\t\t\t<div class=\"eael-divider-wrap divider-direction-horizontal\">\n\t\t\t\t\t\t\t<div class=\"divider-text-container\">\n\t\t\t\t\t<div class=\"divider-text-wrap\">\n\t\t\t\t\t\t\t\t\t\t\t\t\t<span class=\"divider-border-wrap divider-border-left\">\n\t\t\t\t\t\t\t\t<span class=\"divider-border\"><\/span>\n\t\t\t\t\t\t\t<\/span>\n\t\t\t\t\t\t\t\t\t\t\t\t<span class=\"eael-divider-content\">\n\t\t\t\t\t\t\t\t\t\t\t\t\t\t\t<span class=\"eael-divider-text\">O naszym ko\u015bciele<\/span>\t\t\t\t\t\t\t\t\t\t\t\t\t<\/span>\n\t\t\t\t\t\t\t\t\t\t\t\t\t<span class=\"divider-border-wrap divider-border-right\">\n\t\t\t\t\t\t\t\t<span class=\"divider-border\"><\/span>\n\t\t\t\t\t\t\t<\/span>\n\t\t\t\t\t\t\t\t\t\t\t<\/div>\n\t\t\t\t<\/div>\n\t\t\t\t\t<\/div>\n\t\t<\/div>\n\t\t\t\t<\/div>\n\t\t\t\t\t<\/div>\n\t\t<\/div>\n\t\t\t\t\t\t\t<\/div>\n\t\t<\/section>\n\t\t\t\t<section data-particle_enable=\"false\" data-particle-mobile-disabled=\"false\" class=\"elementor-section elementor-top-section elementor-element elementor-element-3be9fb2 elementor-section-boxed elementor-section-height-default elementor-section-height-default\" data-id=\"3be9fb2\" data-element_type=\"section\" data-settings=\"{&quot;background_background&quot;:&quot;classic&quot;,&quot;_ha_eqh_enable&quot;:false}\">\n\t\t\t\t\t\t<div class=\"elementor-container elementor-column-gap-default\">\n\t\t\t\t\t<div class=\"elementor-column elementor-col-50 elementor-top-column elementor-element elementor-element-e5f4327\" data-id=\"e5f4327\" data-element_type=\"column\">\n\t\t\t<div class=\"elementor-widget-wrap elementor-element-populated\">\n\t\t\t\t\t\t\t\t<div class=\"elementor-element elementor-element-d7586ec elementor-widget elementor-widget-image\" data-id=\"d7586ec\" data-element_type=\"widget\" data-widget_type=\"image.default\">\n\t\t\t\t<div class=\"elementor-widget-container\">\n\t\t\t\t\t\t\t\t\t\t\t\t\t\t\t<img width=\"451\" height=\"500\" src=\"https:\/\/parafiakwakowo.pl\/wp-content\/uploads\/2022\/02\/holy_bible.png\" class=\"attachment-large size-large\" alt=\"\" loading=\"lazy\" srcset=\"https:\/\/parafiakwakowo.pl\/wp-content\/uploads\/2022\/02\/holy_bible.png 451w, https:\/\/parafiakwakowo.pl\/wp-content\/uploads\/2022\/02\/holy_bible-271x300.png 271w\" sizes=\"(max-width: 451px) 100vw, 451px\" \/>\t\t\t\t\t\t\t\t\t\t\t\t\t\t\t<\/div>\n\t\t\t\t<\/div>\n\t\t\t\t\t<\/div>\n\t\t<\/div>\n\t\t\t\t<div class=\"elementor-column elementor-col-50 elementor-top-column elementor-element elementor-element-47cf8a3\" data-id=\"47cf8a3\" data-element_type=\"column\">\n\t\t\t<div class=\"elementor-widget-wrap elementor-element-populated\">\n\t\t\t\t\t\t\t\t<div class=\"elementor-element elementor-element-9042800 elementor-widget elementor-widget-text-editor\" data-id=\"9042800\" data-element_type=\"widget\" data-widget_type=\"text-editor.default\">\n\t\t\t\t<div class=\"elementor-widget-container\">\n\t\t\t<style>\/*! elementor - v3.5.5 - 03-02-2022 *\/\n.elementor-widget-text-editor.elementor-drop-cap-view-stacked .elementor-drop-cap{background-color:#818a91;color:#fff}.elementor-widget-text-editor.elementor-drop-cap-view-framed .elementor-drop-cap{color:#818a91;border:3px solid;background-color:transparent}.elementor-widget-text-editor:not(.elementor-drop-cap-view-default) .elementor-drop-cap{margin-top:8px}.elementor-widget-text-editor:not(.elementor-drop-cap-view-default) .elementor-drop-cap-letter{width:1em;height:1em}.elementor-widget-text-editor .elementor-drop-cap{float:left;text-align:center;line-height:1;font-size:50px}.elementor-widget-text-editor .elementor-drop-cap-letter{display:inline-block}<\/style>\t\t\t\t<p>Kwakowo, Niepokalanego Pocz\u0119cia NMP neogotycki, bud. 1863-1865, wie\u017ca <br \/>XIV w., obiekt zabytkowy &#8211; nr rej. A-393 z 21.12.1965, po\u015bw. 8.12.1947<\/p><p>Msze \u015awi\u0119te: w niedziele: 11.30; <br \/>w dni powszednie: wtorek-pi\u0105tek 17.00 (I 9.00)<\/p><p>proboszcz: ks. Krzysztof Karwasz, ust. 2015-08-01<br \/><br \/><\/p>\t\t\t\t\t\t<\/div>\n\t\t\t\t<\/div>\n\t\t\t\t\t<\/div>\n\t\t<\/div>\n\t\t\t\t\t\t\t<\/div>\n\t\t<\/section>\n\t\t\t\t\t\t<\/div>\n\t\t\t\t\t<\/div>\n\t\t","protected":false},"excerpt":{"rendered":"<p>Parafia Rzymskokatolickap.w. Niepokalanego Pocz\u0119cia Naj\u015bwi\u0119tszej Maryi Panny w KwakowieKontakt: +48 59 846 20 75Biuro parafialne czynne: wtorek-\u015broda-czwartek 17.30-18.00 lub po uzgodnieniu telefonicznymOg\u0142oszenia DuszpasterskieKliknij tutaj aby przeczyta\u0107 najnowsze Og\u0142oszenia DuszpasterskieNumer konta bankowego parafii:mBank 20 1140 2004 0000 3902 8109 8578 Administrator cmentarzy parafialnych:Zak\u0142ad pogrzebowy \u201eKALLA\u201d +48 59 842 81 96 lub 601 928 600 Wszystko bowiem, [&hellip;]<\/p>\n","protected":false},"author":1,"featured_media":0,"parent":0,"menu_order":0,"comment_status":"closed","ping_status":"closed","template":"elementor_header_footer","meta":[],"yoast_head":"<!-- This site is optimized with the Yoast SEO Premium plugin v17.7 (Yoast SEO v17.8) - https:\/\/yoast.com\/wordpress\/plugins\/seo\/ -->\n<title>Home - Parafia Rzymskokatolicka<\/title>\n<meta name=\"robots\" content=\"index, follow, max-snippet:-1, max-image-preview:large, max-video-preview:-1\" \/>\n<link rel=\"canonical\" href=\"https:\/\/parafiakwakowo.pl\/\" \/>\n<meta property=\"og:locale\" content=\"pl_PL\" \/>\n<meta property=\"og:type\" content=\"article\" \/>\n<meta property=\"og:title\" content=\"Home\" \/>\n<meta property=\"og:description\" content=\"Parafia Rzymskokatolickap.w. Niepokalanego Pocz\u0119cia Naj\u015bwi\u0119tszej Maryi Panny w KwakowieKontakt: +48 59 846 20 75Biuro parafialne czynne: wtorek-\u015broda-czwartek 17.30-18.00 lub po uzgodnieniu telefonicznymOg\u0142oszenia DuszpasterskieKliknij tutaj aby przeczyta\u0107 najnowsze Og\u0142oszenia DuszpasterskieNumer konta bankowego parafii:mBank 20 1140 2004 0000 3902 8109 8578 Administrator cmentarzy parafialnych:Zak\u0142ad pogrzebowy \u201eKALLA\u201d +48 59 842 81 96 lub 601 928 600 Wszystko bowiem, [&hellip;]\" \/>\n<meta property=\"og:url\" content=\"https:\/\/parafiakwakowo.pl\/\" \/>\n<meta property=\"og:site_name\" content=\"Parafia Rzymskokatolicka\" \/>\n<meta property=\"article:modified_time\" content=\"2023-12-11T14:28:08+00:00\" \/>\n<meta property=\"og:image\" content=\"https:\/\/parafiakwakowo.pl\/wp-content\/uploads\/2022\/02\/cytat.png\" \/>\n<meta name=\"twitter:card\" content=\"summary_large_image\" \/>\n<meta name=\"twitter:label1\" content=\"Szacowany czas czytania\" \/>\n\t<meta name=\"twitter:data1\" content=\"2 minuty\" \/>\n<script type=\"application\/ld+json\" class=\"yoast-schema-graph\">{\"@context\":\"https:\/\/schema.org\",\"@graph\":[{\"@type\":\"WebSite\",\"@id\":\"https:\/\/parafiakwakowo.pl\/#website\",\"url\":\"https:\/\/parafiakwakowo.pl\/\",\"name\":\"Parafia Rzymskokatolicka\",\"description\":\"p.w. Niepokalanego Pocz\\u0119cia NMP\",\"potentialAction\":[{\"@type\":\"SearchAction\",\"target\":{\"@type\":\"EntryPoint\",\"urlTemplate\":\"https:\/\/parafiakwakowo.pl\/?s={search_term_string}\"},\"query-input\":\"required name=search_term_string\"}],\"inLanguage\":\"pl-PL\"},{\"@type\":\"ImageObject\",\"@id\":\"https:\/\/parafiakwakowo.pl\/#primaryimage\",\"inLanguage\":\"pl-PL\",\"url\":\"https:\/\/parafiakwakowo.pl\/wp-content\/uploads\/2022\/02\/cytat.png\",\"contentUrl\":\"https:\/\/parafiakwakowo.pl\/wp-content\/uploads\/2022\/02\/cytat.png\",\"width\":184,\"height\":131},{\"@type\":\"WebPage\",\"@id\":\"https:\/\/parafiakwakowo.pl\/#webpage\",\"url\":\"https:\/\/parafiakwakowo.pl\/\",\"name\":\"Home - Parafia Rzymskokatolicka\",\"isPartOf\":{\"@id\":\"https:\/\/parafiakwakowo.pl\/#website\"},\"primaryImageOfPage\":{\"@id\":\"https:\/\/parafiakwakowo.pl\/#primaryimage\"},\"datePublished\":\"2022-02-01T08:34:04+00:00\",\"dateModified\":\"2023-12-11T14:28:08+00:00\",\"breadcrumb\":{\"@id\":\"https:\/\/parafiakwakowo.pl\/#breadcrumb\"},\"inLanguage\":\"pl-PL\",\"potentialAction\":[{\"@type\":\"ReadAction\",\"target\":[\"https:\/\/parafiakwakowo.pl\/\"]}]},{\"@type\":\"BreadcrumbList\",\"@id\":\"https:\/\/parafiakwakowo.pl\/#breadcrumb\",\"itemListElement\":[{\"@type\":\"ListItem\",\"position\":1,\"name\":\"Home\",\"item\":\"https:\/\/parafiakwakowo.pl\/\"},{\"@type\":\"ListItem\",\"position\":2,\"name\":\"Home\"}]}]}<\/script>\n<!-- \/ Yoast SEO Premium plugin. -->","yoast_head_json":{"title":"Home - Parafia Rzymskokatolicka","robots":{"index":"index","follow":"follow","max-snippet":"max-snippet:-1","max-image-preview":"max-image-preview:large","max-video-preview":"max-video-preview:-1"},"canonical":"https:\/\/parafiakwakowo.pl\/","og_locale":"pl_PL","og_type":"article","og_title":"Home","og_description":"Parafia Rzymskokatolickap.w. Niepokalanego Pocz\u0119cia Naj\u015bwi\u0119tszej Maryi Panny w KwakowieKontakt: +48 59 846 20 75Biuro parafialne czynne: wtorek-\u015broda-czwartek 17.30-18.00 lub po uzgodnieniu telefonicznymOg\u0142oszenia DuszpasterskieKliknij tutaj aby przeczyta\u0107 najnowsze Og\u0142oszenia DuszpasterskieNumer konta bankowego parafii:mBank 20 1140 2004 0000 3902 8109 8578 Administrator cmentarzy parafialnych:Zak\u0142ad pogrzebowy \u201eKALLA\u201d +48 59 842 81 96 lub 601 928 600 Wszystko bowiem, [&hellip;]","og_url":"https:\/\/parafiakwakowo.pl\/","og_site_name":"Parafia Rzymskokatolicka","article_modified_time":"2023-12-11T14:28:08+00:00","og_image":[{"url":"https:\/\/parafiakwakowo.pl\/wp-content\/uploads\/2022\/02\/cytat.png"}],"twitter_card":"summary_large_image","twitter_misc":{"Szacowany czas czytania":"2 minuty"},"schema":{"@context":"https:\/\/schema.org","@graph":[{"@type":"WebSite","@id":"https:\/\/parafiakwakowo.pl\/#website","url":"https:\/\/parafiakwakowo.pl\/","name":"Parafia Rzymskokatolicka","description":"p.w. Niepokalanego Pocz\u0119cia NMP","potentialAction":[{"@type":"SearchAction","target":{"@type":"EntryPoint","urlTemplate":"https:\/\/parafiakwakowo.pl\/?s={search_term_string}"},"query-input":"required name=search_term_string"}],"inLanguage":"pl-PL"},{"@type":"ImageObject","@id":"https:\/\/parafiakwakowo.pl\/#primaryimage","inLanguage":"pl-PL","url":"https:\/\/parafiakwakowo.pl\/wp-content\/uploads\/2022\/02\/cytat.png","contentUrl":"https:\/\/parafiakwakowo.pl\/wp-content\/uploads\/2022\/02\/cytat.png","width":184,"height":131},{"@type":"WebPage","@id":"https:\/\/parafiakwakowo.pl\/#webpage","url":"https:\/\/parafiakwakowo.pl\/","name":"Home - Parafia Rzymskokatolicka","isPartOf":{"@id":"https:\/\/parafiakwakowo.pl\/#website"},"primaryImageOfPage":{"@id":"https:\/\/parafiakwakowo.pl\/#primaryimage"},"datePublished":"2022-02-01T08:34:04+00:00","dateModified":"2023-12-11T14:28:08+00:00","breadcrumb":{"@id":"https:\/\/parafiakwakowo.pl\/#breadcrumb"},"inLanguage":"pl-PL","potentialAction":[{"@type":"ReadAction","target":["https:\/\/parafiakwakowo.pl\/"]}]},{"@type":"BreadcrumbList","@id":"https:\/\/parafiakwakowo.pl\/#breadcrumb","itemListElement":[{"@type":"ListItem","position":1,"name":"Home","item":"https:\/\/parafiakwakowo.pl\/"},{"@type":"ListItem","position":2,"name":"Home"}]}]}},"_links":{"self":[{"href":"https:\/\/parafiakwakowo.pl\/index.php\/wp-json\/wp\/v2\/pages\/6"}],"collection":[{"href":"https:\/\/parafiakwakowo.pl\/index.php\/wp-json\/wp\/v2\/pages"}],"about":[{"href":"https:\/\/parafiakwakowo.pl\/index.php\/wp-json\/wp\/v2\/types\/page"}],"author":[{"embeddable":true,"href":"https:\/\/parafiakwakowo.pl\/index.php\/wp-json\/wp\/v2\/users\/1"}],"replies":[{"embeddable":true,"href":"https:\/\/parafiakwakowo.pl\/index.php\/wp-json\/wp\/v2\/comments?post=6"}],"version-history":[{"count":112,"href":"https:\/\/parafiakwakowo.pl\/index.php\/wp-json\/wp\/v2\/pages\/6\/revisions"}],"predecessor-version":[{"id":1815,"href":"https:\/\/parafiakwakowo.pl\/index.php\/wp-json\/wp\/v2\/pages\/6\/revisions\/1815"}],"wp:attachment":[{"href":"https:\/\/parafiakwakowo.pl\/index.php\/wp-json\/wp\/v2\/media?parent=6"}],"curies":[{"name":"wp","href":"https:\/\/api.w.org\/{rel}","templated":true}]}}