{"id":19,"date":"2022-02-01T08:55:30","date_gmt":"2022-02-01T08:55:30","guid":{"rendered":"https:\/\/parafiakwakowo.pl\/?page_id=19"},"modified":"2022-02-01T12:51:10","modified_gmt":"2022-02-01T12:51:10","slug":"msze-swiete","status":"publish","type":"page","link":"https:\/\/parafiakwakowo.pl\/index.php\/msze-swiete\/","title":{"rendered":"Msze \u015awi\u0119te"},"content":{"rendered":"\t\t<div data-elementor-type=\"wp-page\" data-elementor-id=\"19\" class=\"elementor elementor-19\" data-elementor-settings=\"[]\">\n\t\t\t\t\t\t\t<div class=\"elementor-section-wrap\">\n\t\t\t\t\t\t\t<section data-particle_enable=\"false\" data-particle-mobile-disabled=\"false\" class=\"elementor-section elementor-top-section elementor-element elementor-element-9be7697 elementor-section-boxed elementor-section-height-default elementor-section-height-default\" data-id=\"9be7697\" data-element_type=\"section\" data-settings=\"{&quot;_ha_eqh_enable&quot;:false}\">\n\t\t\t\t\t\t<div class=\"elementor-container elementor-column-gap-default\">\n\t\t\t\t\t<div class=\"elementor-column elementor-col-100 elementor-top-column elementor-element elementor-element-7342238\" data-id=\"7342238\" data-element_type=\"column\">\n\t\t\t<div class=\"elementor-widget-wrap elementor-element-populated\">\n\t\t\t\t\t\t\t\t<div class=\"elementor-element elementor-element-5ec57f6 eael-divider-center elementor-widget elementor-widget-eael-divider\" data-id=\"5ec57f6\" data-element_type=\"widget\" data-widget_type=\"eael-divider.default\">\n\t\t\t\t<div class=\"elementor-widget-container\">\n\t\t\t\t\t<div class=\"eael-divider-wrap divider-direction-horizontal\">\n\t\t\t\t\t\t\t<div class=\"divider-text-container\">\n\t\t\t\t\t<div class=\"divider-text-wrap\">\n\t\t\t\t\t\t\t\t\t\t\t\t\t<span class=\"divider-border-wrap divider-border-left\">\n\t\t\t\t\t\t\t\t<span class=\"divider-border\"><\/span>\n\t\t\t\t\t\t\t<\/span>\n\t\t\t\t\t\t\t\t\t\t\t\t<span class=\"eael-divider-content\">\n\t\t\t\t\t\t\t\t\t\t\t\t\t\t\t<span class=\"eael-divider-text\">Msze \u015awi\u0119te:<\/span>\t\t\t\t\t\t\t\t\t\t\t\t\t<\/span>\n\t\t\t\t\t\t\t\t\t\t\t\t\t<span class=\"divider-border-wrap divider-border-right\">\n\t\t\t\t\t\t\t\t<span class=\"divider-border\"><\/span>\n\t\t\t\t\t\t\t<\/span>\n\t\t\t\t\t\t\t\t\t\t\t<\/div>\n\t\t\t\t<\/div>\n\t\t\t\t\t<\/div>\n\t\t<\/div>\n\t\t\t\t<\/div>\n\t\t\t\t\t<\/div>\n\t\t<\/div>\n\t\t\t\t\t\t\t<\/div>\n\t\t<\/section>\n\t\t\t\t<section data-particle_enable=\"false\" data-particle-mobile-disabled=\"false\" class=\"elementor-section elementor-top-section elementor-element elementor-element-cf0f884 elementor-section-boxed elementor-section-height-default elementor-section-height-default\" data-id=\"cf0f884\" data-element_type=\"section\" data-settings=\"{&quot;_ha_eqh_enable&quot;:false}\">\n\t\t\t\t\t\t<div class=\"elementor-container elementor-column-gap-default\">\n\t\t\t\t\t<div class=\"elementor-column elementor-col-33 elementor-top-column elementor-element elementor-element-ae4dd05\" data-id=\"ae4dd05\" data-element_type=\"column\">\n\t\t\t<div class=\"elementor-widget-wrap elementor-element-populated\">\n\t\t\t\t\t\t\t\t<div class=\"elementor-element elementor-element-55d939d elementor-position-top elementor-vertical-align-top elementor-widget elementor-widget-image-box\" data-id=\"55d939d\" data-element_type=\"widget\" data-widget_type=\"image-box.default\">\n\t\t\t\t<div class=\"elementor-widget-container\">\n\t\t\t<style>\/*! elementor - v3.5.5 - 03-02-2022 *\/\n.elementor-widget-image-box .elementor-image-box-content{width:100%}@media (min-width:768px){.elementor-widget-image-box.elementor-position-left .elementor-image-box-wrapper,.elementor-widget-image-box.elementor-position-right .elementor-image-box-wrapper{display:-webkit-box;display:-ms-flexbox;display:flex}.elementor-widget-image-box.elementor-position-right .elementor-image-box-wrapper{text-align:right;-webkit-box-orient:horizontal;-webkit-box-direction:reverse;-ms-flex-direction:row-reverse;flex-direction:row-reverse}.elementor-widget-image-box.elementor-position-left .elementor-image-box-wrapper{text-align:left;-webkit-box-orient:horizontal;-webkit-box-direction:normal;-ms-flex-direction:row;flex-direction:row}.elementor-widget-image-box.elementor-position-top .elementor-image-box-img{margin:auto}.elementor-widget-image-box.elementor-vertical-align-top .elementor-image-box-wrapper{-webkit-box-align:start;-ms-flex-align:start;align-items:flex-start}.elementor-widget-image-box.elementor-vertical-align-middle .elementor-image-box-wrapper{-webkit-box-align:center;-ms-flex-align:center;align-items:center}.elementor-widget-image-box.elementor-vertical-align-bottom .elementor-image-box-wrapper{-webkit-box-align:end;-ms-flex-align:end;align-items:flex-end}}@media (max-width:767px){.elementor-widget-image-box .elementor-image-box-img{margin-left:auto!important;margin-right:auto!important;margin-bottom:15px}}.elementor-widget-image-box .elementor-image-box-img{display:inline-block}.elementor-widget-image-box .elementor-image-box-title a{color:inherit}.elementor-widget-image-box .elementor-image-box-wrapper{text-align:center}.elementor-widget-image-box .elementor-image-box-description{margin:0}<\/style><div class=\"elementor-image-box-wrapper\"><figure class=\"elementor-image-box-img\"><img width=\"1915\" height=\"1362\" src=\"https:\/\/parafiakwakowo.pl\/wp-content\/uploads\/2022\/02\/parafia_kwakowo.jpg\" class=\"attachment-full size-full\" alt=\"\" loading=\"lazy\" \/><\/figure><div class=\"elementor-image-box-content\"><h3 class=\"elementor-image-box-title\">Kwakowo p.w. Niepokalanego Pocz\u0119cia NMP<\/h3><p class=\"elementor-image-box-description\">Dni powszednie:<br>\nwtorek-pi\u0105tek: 17.00 (stycze\u0144: 9.00)<br>\nNiedziela: 11:30<\/p><\/div><\/div>\t\t<\/div>\n\t\t\t\t<\/div>\n\t\t\t\t\t<\/div>\n\t\t<\/div>\n\t\t\t\t<div class=\"elementor-column elementor-col-33 elementor-top-column elementor-element elementor-element-5903938\" data-id=\"5903938\" data-element_type=\"column\">\n\t\t\t<div class=\"elementor-widget-wrap elementor-element-populated\">\n\t\t\t\t\t\t\t\t<div class=\"elementor-element elementor-element-740f9d8 elementor-position-top elementor-vertical-align-top elementor-widget elementor-widget-image-box\" data-id=\"740f9d8\" data-element_type=\"widget\" data-widget_type=\"image-box.default\">\n\t\t\t\t<div class=\"elementor-widget-container\">\n\t\t\t<div class=\"elementor-image-box-wrapper\"><figure class=\"elementor-image-box-img\"><img width=\"1915\" height=\"1362\" src=\"https:\/\/parafiakwakowo.pl\/wp-content\/uploads\/2022\/02\/Zelkowko_parafia.jpg\" class=\"attachment-full size-full\" alt=\"\" loading=\"lazy\" \/><\/figure><div class=\"elementor-image-box-content\"><h3 class=\"elementor-image-box-title\">Zelk\u00f3wko <br>\u015bw. Piotra<\/h3><p class=\"elementor-image-box-description\">Sobota: 18.00<\/p><\/div><\/div>\t\t<\/div>\n\t\t\t\t<\/div>\n\t\t\t\t\t<\/div>\n\t\t<\/div>\n\t\t\t\t<div class=\"elementor-column elementor-col-33 elementor-top-column elementor-element elementor-element-8a98294\" data-id=\"8a98294\" data-element_type=\"column\">\n\t\t\t<div class=\"elementor-widget-wrap elementor-element-populated\">\n\t\t\t\t\t\t\t\t<div class=\"elementor-element elementor-element-520d52b elementor-position-top elementor-vertical-align-top elementor-widget elementor-widget-image-box\" data-id=\"520d52b\" data-element_type=\"widget\" data-widget_type=\"image-box.default\">\n\t\t\t\t<div class=\"elementor-widget-container\">\n\t\t\t<div class=\"elementor-image-box-wrapper\"><figure class=\"elementor-image-box-img\"><img width=\"1915\" height=\"1362\" src=\"https:\/\/parafiakwakowo.pl\/wp-content\/uploads\/2022\/02\/plaszew.jpg\" class=\"attachment-full size-full\" alt=\"\" loading=\"lazy\" \/><\/figure><div class=\"elementor-image-box-content\"><h3 class=\"elementor-image-box-title\">P\u0142aszewo <br>Mi\u0142osierdzia Bo\u017cego <\/h3><p class=\"elementor-image-box-description\">Niedziela: 8.30<\/p><\/div><\/div>\t\t<\/div>\n\t\t\t\t<\/div>\n\t\t\t\t\t<\/div>\n\t\t<\/div>\n\t\t\t\t\t\t\t<\/div>\n\t\t<\/section>\n\t\t\t\t<section data-particle_enable=\"false\" data-particle-mobile-disabled=\"false\" class=\"elementor-section elementor-top-section elementor-element elementor-element-1de2891 elementor-section-boxed elementor-section-height-default elementor-section-height-default\" data-id=\"1de2891\" data-element_type=\"section\" data-settings=\"{&quot;_ha_eqh_enable&quot;:false}\">\n\t\t\t\t\t\t<div class=\"elementor-container elementor-column-gap-default\">\n\t\t\t\t\t<div class=\"elementor-column elementor-col-100 elementor-top-column elementor-element elementor-element-1adddf3\" data-id=\"1adddf3\" data-element_type=\"column\">\n\t\t\t<div class=\"elementor-widget-wrap elementor-element-populated\">\n\t\t\t\t\t\t\t\t<div class=\"elementor-element elementor-element-bdefe96 elementor-widget elementor-widget-eael-divider\" data-id=\"bdefe96\" data-element_type=\"widget\" data-widget_type=\"eael-divider.default\">\n\t\t\t\t<div class=\"elementor-widget-container\">\n\t\t\t\t\t<div class=\"eael-divider-wrap divider-direction-horizontal\">\n\t\t\t\t\t\t\t<div class=\"eael-divider horizontal dashed\"><\/div>\n\t\t\t\t\t<\/div>\n\t\t<\/div>\n\t\t\t\t<\/div>\n\t\t\t\t\t<\/div>\n\t\t<\/div>\n\t\t\t\t\t\t\t<\/div>\n\t\t<\/section>\n\t\t\t\t<section data-particle_enable=\"false\" data-particle-mobile-disabled=\"false\" class=\"elementor-section elementor-top-section elementor-element elementor-element-1a4aeda elementor-section-boxed elementor-section-height-default elementor-section-height-default\" data-id=\"1a4aeda\" data-element_type=\"section\" data-settings=\"{&quot;_ha_eqh_enable&quot;:false}\">\n\t\t\t\t\t\t<div class=\"elementor-container elementor-column-gap-default\">\n\t\t\t\t\t<div class=\"elementor-column elementor-col-33 elementor-top-column elementor-element elementor-element-955816a\" data-id=\"955816a\" data-element_type=\"column\">\n\t\t\t<div class=\"elementor-widget-wrap elementor-element-populated\">\n\t\t\t\t\t\t\t\t<div class=\"elementor-element elementor-element-8436881 elementor-position-top elementor-vertical-align-top elementor-widget elementor-widget-image-box\" data-id=\"8436881\" data-element_type=\"widget\" data-widget_type=\"image-box.default\">\n\t\t\t\t<div class=\"elementor-widget-container\">\n\t\t\t<div class=\"elementor-image-box-wrapper\"><figure class=\"elementor-image-box-img\"><img width=\"1915\" height=\"1362\" src=\"https:\/\/parafiakwakowo.pl\/wp-content\/uploads\/2022\/02\/kuleszewo_parafia.jpg\" class=\"attachment-full size-full\" alt=\"\" loading=\"lazy\" \/><\/figure><div class=\"elementor-image-box-content\"><h3 class=\"elementor-image-box-title\">Kuleszewo <br>J\u00f3zefa Oblubie\u0144ca NMP<\/h3><p class=\"elementor-image-box-description\">Niedziela: 10.00<\/p><\/div><\/div>\t\t<\/div>\n\t\t\t\t<\/div>\n\t\t\t\t\t<\/div>\n\t\t<\/div>\n\t\t\t\t<div class=\"elementor-column elementor-col-33 elementor-top-column elementor-element elementor-element-773568c\" data-id=\"773568c\" data-element_type=\"column\">\n\t\t\t<div class=\"elementor-widget-wrap elementor-element-populated\">\n\t\t\t\t\t\t\t\t<div class=\"elementor-element elementor-element-29456fb elementor-position-top elementor-vertical-align-top elementor-widget elementor-widget-image-box\" data-id=\"29456fb\" data-element_type=\"widget\" data-widget_type=\"image-box.default\">\n\t\t\t\t<div class=\"elementor-widget-container\">\n\t\t\t<div class=\"elementor-image-box-wrapper\"><figure class=\"elementor-image-box-img\"><img width=\"1915\" height=\"1362\" src=\"https:\/\/parafiakwakowo.pl\/wp-content\/uploads\/2022\/02\/Lubun.jpg\" class=\"attachment-full size-full\" alt=\"\" loading=\"lazy\" \/><\/figure><div class=\"elementor-image-box-content\"><h3 class=\"elementor-image-box-title\">Lubu\u0144<br> \u015bw. Antoniego z Padwy<\/h3><p class=\"elementor-image-box-description\">Niedziela: 13.00<\/p><\/div><\/div>\t\t<\/div>\n\t\t\t\t<\/div>\n\t\t\t\t\t<\/div>\n\t\t<\/div>\n\t\t\t\t<div class=\"elementor-column elementor-col-33 elementor-top-column elementor-element elementor-element-c75b1f3\" data-id=\"c75b1f3\" data-element_type=\"column\">\n\t\t\t<div class=\"elementor-widget-wrap\">\n\t\t\t\t\t\t\t\t\t<\/div>\n\t\t<\/div>\n\t\t\t\t\t\t\t<\/div>\n\t\t<\/section>\n\t\t\t\t\t\t<\/div>\n\t\t\t\t\t<\/div>\n\t\t","protected":false},"excerpt":{"rendered":"<p>Msze \u015awi\u0119te: Kwakowo p.w. Niepokalanego Pocz\u0119cia NMP Dni powszednie: wtorek-pi\u0105tek: 17.00 (stycze\u0144: 9.00) Niedziela: 11:30 Zelk\u00f3wko \u015bw. Piotra Sobota: 18.00 P\u0142aszewo Mi\u0142osierdzia Bo\u017cego Niedziela: 8.30 Kuleszewo J\u00f3zefa Oblubie\u0144ca NMP Niedziela: 10.00 Lubu\u0144 \u015bw. Antoniego z Padwy Niedziela: 13.00<\/p>\n","protected":false},"author":1,"featured_media":0,"parent":0,"menu_order":0,"comment_status":"closed","ping_status":"closed","template":"elementor_header_footer","meta":[],"yoast_head":"<!-- This site is optimized with the Yoast SEO Premium plugin v17.7 (Yoast SEO v17.8) - https:\/\/yoast.com\/wordpress\/plugins\/seo\/ -->\n<title>Msze \u015awi\u0119te - Parafia Rzymskokatolicka<\/title>\n<meta name=\"robots\" content=\"index, follow, max-snippet:-1, max-image-preview:large, max-video-preview:-1\" \/>\n<link rel=\"canonical\" href=\"https:\/\/parafiakwakowo.pl\/index.php\/msze-swiete\/\" \/>\n<meta property=\"og:locale\" content=\"pl_PL\" \/>\n<meta property=\"og:type\" content=\"article\" \/>\n<meta property=\"og:title\" content=\"Msze \u015awi\u0119te\" \/>\n<meta property=\"og:description\" content=\"Msze \u015awi\u0119te: Kwakowo p.w. Niepokalanego Pocz\u0119cia NMP Dni powszednie: wtorek-pi\u0105tek: 17.00 (stycze\u0144: 9.00) Niedziela: 11:30 Zelk\u00f3wko \u015bw. Piotra Sobota: 18.00 P\u0142aszewo Mi\u0142osierdzia Bo\u017cego Niedziela: 8.30 Kuleszewo J\u00f3zefa Oblubie\u0144ca NMP Niedziela: 10.00 Lubu\u0144 \u015bw. Antoniego z Padwy Niedziela: 13.00\" \/>\n<meta property=\"og:url\" content=\"https:\/\/parafiakwakowo.pl\/index.php\/msze-swiete\/\" \/>\n<meta property=\"og:site_name\" content=\"Parafia Rzymskokatolicka\" \/>\n<meta property=\"article:modified_time\" content=\"2022-02-01T12:51:10+00:00\" \/>\n<meta property=\"og:image\" content=\"https:\/\/parafiakwakowo.pl\/wp-content\/uploads\/2022\/02\/parafia_kwakowo.jpg\" \/>\n<meta name=\"twitter:card\" content=\"summary_large_image\" \/>\n<meta name=\"twitter:label1\" content=\"Szacowany czas czytania\" \/>\n\t<meta name=\"twitter:data1\" content=\"2 minuty\" \/>\n<script type=\"application\/ld+json\" class=\"yoast-schema-graph\">{\"@context\":\"https:\/\/schema.org\",\"@graph\":[{\"@type\":\"WebSite\",\"@id\":\"https:\/\/parafiakwakowo.pl\/#website\",\"url\":\"https:\/\/parafiakwakowo.pl\/\",\"name\":\"Parafia Rzymskokatolicka\",\"description\":\"p.w. Niepokalanego Pocz\\u0119cia NMP\",\"potentialAction\":[{\"@type\":\"SearchAction\",\"target\":{\"@type\":\"EntryPoint\",\"urlTemplate\":\"https:\/\/parafiakwakowo.pl\/?s={search_term_string}\"},\"query-input\":\"required name=search_term_string\"}],\"inLanguage\":\"pl-PL\"},{\"@type\":\"ImageObject\",\"@id\":\"https:\/\/parafiakwakowo.pl\/index.php\/msze-swiete\/#primaryimage\",\"inLanguage\":\"pl-PL\",\"url\":\"https:\/\/parafiakwakowo.pl\/wp-content\/uploads\/2022\/02\/parafia_kwakowo.jpg\",\"contentUrl\":\"https:\/\/parafiakwakowo.pl\/wp-content\/uploads\/2022\/02\/parafia_kwakowo.jpg\",\"width\":1915,\"height\":1362},{\"@type\":\"WebPage\",\"@id\":\"https:\/\/parafiakwakowo.pl\/index.php\/msze-swiete\/#webpage\",\"url\":\"https:\/\/parafiakwakowo.pl\/index.php\/msze-swiete\/\",\"name\":\"Msze \\u015awi\\u0119te - Parafia Rzymskokatolicka\",\"isPartOf\":{\"@id\":\"https:\/\/parafiakwakowo.pl\/#website\"},\"primaryImageOfPage\":{\"@id\":\"https:\/\/parafiakwakowo.pl\/index.php\/msze-swiete\/#primaryimage\"},\"datePublished\":\"2022-02-01T08:55:30+00:00\",\"dateModified\":\"2022-02-01T12:51:10+00:00\",\"breadcrumb\":{\"@id\":\"https:\/\/parafiakwakowo.pl\/index.php\/msze-swiete\/#breadcrumb\"},\"inLanguage\":\"pl-PL\",\"potentialAction\":[{\"@type\":\"ReadAction\",\"target\":[\"https:\/\/parafiakwakowo.pl\/index.php\/msze-swiete\/\"]}]},{\"@type\":\"BreadcrumbList\",\"@id\":\"https:\/\/parafiakwakowo.pl\/index.php\/msze-swiete\/#breadcrumb\",\"itemListElement\":[{\"@type\":\"ListItem\",\"position\":1,\"name\":\"Home\",\"item\":\"https:\/\/parafiakwakowo.pl\/\"},{\"@type\":\"ListItem\",\"position\":2,\"name\":\"Msze \\u015awi\\u0119te\"}]}]}<\/script>\n<!-- \/ Yoast SEO Premium plugin. -->","yoast_head_json":{"title":"Msze \u015awi\u0119te - Parafia Rzymskokatolicka","robots":{"index":"index","follow":"follow","max-snippet":"max-snippet:-1","max-image-preview":"max-image-preview:large","max-video-preview":"max-video-preview:-1"},"canonical":"https:\/\/parafiakwakowo.pl\/index.php\/msze-swiete\/","og_locale":"pl_PL","og_type":"article","og_title":"Msze \u015awi\u0119te","og_description":"Msze \u015awi\u0119te: Kwakowo p.w. Niepokalanego Pocz\u0119cia NMP Dni powszednie: wtorek-pi\u0105tek: 17.00 (stycze\u0144: 9.00) Niedziela: 11:30 Zelk\u00f3wko \u015bw. Piotra Sobota: 18.00 P\u0142aszewo Mi\u0142osierdzia Bo\u017cego Niedziela: 8.30 Kuleszewo J\u00f3zefa Oblubie\u0144ca NMP Niedziela: 10.00 Lubu\u0144 \u015bw. Antoniego z Padwy Niedziela: 13.00","og_url":"https:\/\/parafiakwakowo.pl\/index.php\/msze-swiete\/","og_site_name":"Parafia Rzymskokatolicka","article_modified_time":"2022-02-01T12:51:10+00:00","og_image":[{"url":"https:\/\/parafiakwakowo.pl\/wp-content\/uploads\/2022\/02\/parafia_kwakowo.jpg"}],"twitter_card":"summary_large_image","twitter_misc":{"Szacowany czas czytania":"2 minuty"},"schema":{"@context":"https:\/\/schema.org","@graph":[{"@type":"WebSite","@id":"https:\/\/parafiakwakowo.pl\/#website","url":"https:\/\/parafiakwakowo.pl\/","name":"Parafia Rzymskokatolicka","description":"p.w. Niepokalanego Pocz\u0119cia NMP","potentialAction":[{"@type":"SearchAction","target":{"@type":"EntryPoint","urlTemplate":"https:\/\/parafiakwakowo.pl\/?s={search_term_string}"},"query-input":"required name=search_term_string"}],"inLanguage":"pl-PL"},{"@type":"ImageObject","@id":"https:\/\/parafiakwakowo.pl\/index.php\/msze-swiete\/#primaryimage","inLanguage":"pl-PL","url":"https:\/\/parafiakwakowo.pl\/wp-content\/uploads\/2022\/02\/parafia_kwakowo.jpg","contentUrl":"https:\/\/parafiakwakowo.pl\/wp-content\/uploads\/2022\/02\/parafia_kwakowo.jpg","width":1915,"height":1362},{"@type":"WebPage","@id":"https:\/\/parafiakwakowo.pl\/index.php\/msze-swiete\/#webpage","url":"https:\/\/parafiakwakowo.pl\/index.php\/msze-swiete\/","name":"Msze \u015awi\u0119te - Parafia Rzymskokatolicka","isPartOf":{"@id":"https:\/\/parafiakwakowo.pl\/#website"},"primaryImageOfPage":{"@id":"https:\/\/parafiakwakowo.pl\/index.php\/msze-swiete\/#primaryimage"},"datePublished":"2022-02-01T08:55:30+00:00","dateModified":"2022-02-01T12:51:10+00:00","breadcrumb":{"@id":"https:\/\/parafiakwakowo.pl\/index.php\/msze-swiete\/#breadcrumb"},"inLanguage":"pl-PL","potentialAction":[{"@type":"ReadAction","target":["https:\/\/parafiakwakowo.pl\/index.php\/msze-swiete\/"]}]},{"@type":"BreadcrumbList","@id":"https:\/\/parafiakwakowo.pl\/index.php\/msze-swiete\/#breadcrumb","itemListElement":[{"@type":"ListItem","position":1,"name":"Home","item":"https:\/\/parafiakwakowo.pl\/"},{"@type":"ListItem","position":2,"name":"Msze \u015awi\u0119te"}]}]}},"_links":{"self":[{"href":"https:\/\/parafiakwakowo.pl\/index.php\/wp-json\/wp\/v2\/pages\/19"}],"collection":[{"href":"https:\/\/parafiakwakowo.pl\/index.php\/wp-json\/wp\/v2\/pages"}],"about":[{"href":"https:\/\/parafiakwakowo.pl\/index.php\/wp-json\/wp\/v2\/types\/page"}],"author":[{"embeddable":true,"href":"https:\/\/parafiakwakowo.pl\/index.php\/wp-json\/wp\/v2\/users\/1"}],"replies":[{"embeddable":true,"href":"https:\/\/parafiakwakowo.pl\/index.php\/wp-json\/wp\/v2\/comments?post=19"}],"version-history":[{"count":11,"href":"https:\/\/parafiakwakowo.pl\/index.php\/wp-json\/wp\/v2\/pages\/19\/revisions"}],"predecessor-version":[{"id":176,"href":"https:\/\/parafiakwakowo.pl\/index.php\/wp-json\/wp\/v2\/pages\/19\/revisions\/176"}],"wp:attachment":[{"href":"https:\/\/parafiakwakowo.pl\/index.php\/wp-json\/wp\/v2\/media?parent=19"}],"curies":[{"name":"wp","href":"https:\/\/api.w.org\/{rel}","templated":true}]}}